{"id":15079,"date":"2021-01-12T15:10:10","date_gmt":"2021-01-12T14:10:10","guid":{"rendered":"https:\/\/seven-senses.nu\/index.php\/over-ons\/"},"modified":"2025-06-26T17:35:39","modified_gmt":"2025-06-26T15:35:39","slug":"over-ons","status":"publish","type":"page","link":"https:\/\/seven-senses.nu\/nl\/about-us\/","title":{"rendered":"Over ons"},"content":{"rendered":"<p>Bij SevenSenses streven we ernaar mensen wereldwijd in staat te stellen om gemeenschapsproblemen aan te pakken met behulp van de menigte, door gebruik te maken van lokale mankracht, talenten en kansen. We passen Participatief Actieonderzoek toe voor allerlei soorten gemeenschapsproblemen. Daarnaast trainen we mensen over de hele wereld in Participatief Actieonderzoek, en geven we lezingen en publieke gesprekken.<\/p>\n\n\n\n<h2 class=\"wp-block-heading\">Hoe is SevenSenses ontstaan?<\/h2>\n\n\n\n<p>Sinds onze oprichter Madelon Eelderink voor het eerst Participatief Actieonderzoek toepaste in Guatemala, is ze gefascineerd door de manier waarop hele gemeenschappen kunnen samenwerken als een team om gedeelde gemeenschapsproblemen aan te pakken. Ze vond het geweldig om de transformatie te zien waar mensen naartoe gaan \u2013 van een machteloos gevoel van niet weten wat te doen en wachten op overheidsinterventie of buitenlandse hulp \u2013 naar het samen ontdekken van de schat aan mogelijkheden binnen hun eigen gemeenschap.<\/p>\n\n\n\n<figure class=\"wp-block-image alignright size-large is-resized\"><img fetchpriority=\"high\" decoding=\"async\" width=\"1024\" height=\"768\" src=\"https:\/\/seven-senses.nu\/wp-content\/uploads\/Guatemala-1024x768.png\" alt=\"\" class=\"wp-image-11032\" style=\"width:333px;height:auto\" srcset=\"https:\/\/seven-senses.nu\/wp-content\/uploads\/Guatemala-1024x768.png 1024w, https:\/\/seven-senses.nu\/wp-content\/uploads\/Guatemala-300x225.png 300w, https:\/\/seven-senses.nu\/wp-content\/uploads\/Guatemala-768x576.png 768w, https:\/\/seven-senses.nu\/wp-content\/uploads\/Guatemala-16x12.png 16w, https:\/\/seven-senses.nu\/wp-content\/uploads\/Guatemala.png 1062w\" sizes=\"(max-width: 1024px) 100vw, 1024px\" \/><\/figure>\n\n\n\n<p>De positieve energie die vrijkomt in dat proces is echt inspirerend om te zien. We hopen oprecht dat door PAO wereldwijd toe te passen, steeds meer gemeenschappen in staat zullen zijn om de hiaten in hun sociaal-culturele systeem te vinden waardoor ze zelf de regie kunnen nemen om hun kwaliteit van leven en de leefbaarheid van hun buurt te verbeteren. Waarom zouden we de kwaliteit van het leven van mensen alleen in handen laten van een paar experts en bestuurders?<\/p>\n\n\n\n<p>In de jaren daarna richtte Madelon zich op het bestuderen van ontwikkelingssamenwerking op het veld in verschillende landen. Ze zag grote verschillen tussen de opgelegde projecten \u2018vanuit het westen\u2019 en Participatief Actieonderzoek projecten, die \u2018van onderop\u2019 waren ontworpen. Waar de opgelegde projecten vaak veel problemen ondervonden, waren projecten van onderop, geleid door PAO, veel effectiever en kosteneffici\u00ebnter. Kortom, dat is hoe Madelon in 2013 besloot om een organisatie op te richten die volledig gericht is op \u00e9\u00e9n aanpak: Participatief Actieonderzoek.<\/p>\n\n\n\n<h2 class=\"wp-block-heading\">Hoe werkt SevenSenses?<\/h2>\n\n\n\n<p>De mensen achter SevenSenses zijn professionals uit een breed scala aan verschillende sectoren. Ons team van actieonderzoekers voert Participatief Actieonderzoekprojecten uit in opdracht van niet-gouvernementele organisaties en de publieke sector. Daarnaast geven we trainingen, workshops en publieke gesprekken over Participatief Actieonderzoek voor een diverse reeks organisaties, bedrijven en de publieke sector. Voor de onderwijssector geven we lezingen en (co-)ontwerpen we PAR-cursussen. Ook werken we als consultants en adviseren we de overheid en het bedrijfsleven over PAO en maatschappelijk verantwoord ondernemen.<\/p>\n\n\n\n<figure class=\"wp-block-image size-full is-resized\"><img decoding=\"async\" src=\"https:\/\/seven-senses.nu\/wp-content\/uploads\/FR-home-cta.jpg\" alt=\"\" class=\"wp-image-1786\" style=\"width:406px;height:254px\"\/><\/figure>\n\n\n\n<h2 class=\"wp-block-heading\">De SevenSenses Foundation<\/h2>\n\n\n\n<p>Om onze PAO-projecten te financieren, hebben we de SevenSenses Foundation opgericht. Van al onze commerci\u00eble inkomsten doneren we 10% aan de SevenSenses Foundation. Daarnaast zijn we altijd op zoek naar externe financiering om meer PAO-projecten wereldwijd uit te kunnen voeren.<\/p>\n\n\n\n<p>Zie ook onze\u00a0<a href=\"https:\/\/www.sevensensesfoundation.org\/\" target=\"_blank\" rel=\"noreferrer noopener\">SevenSenses Foundation website<\/a><a href=\"http:\/\/7sensesfoundation.org\/\" target=\"_blank\" rel=\"noreferrer noopener\">.<\/a><\/p>\n\n\n\n<p><\/p>","protected":false},"excerpt":{"rendered":"<p>At SevenSenses we aim to empower people worldwide to tackle community issues with the crowd, using local manpower, talents and opportunities. We apply&nbsp;Participatory Action Research for all kinds of community issues. In addition, we train people all over the world in&nbsp;Participatory Action Research, and we give lectures and public talks. How did SevenSenses arise? Since [&hellip;]<\/p>\n","protected":false},"author":1,"featured_media":10137,"parent":0,"menu_order":6,"comment_status":"closed","ping_status":"closed","template":"","meta":{"inline_featured_image":false,"footnotes":""},"class_list":["post-15079","page","type-page","status-publish","has-post-thumbnail","hentry"],"yoast_head":"<!-- This site is optimized with the Yoast SEO plugin v27.3 - https:\/\/yoast.com\/product\/yoast-seo-wordpress\/ -->\n<title>About us - SevenSenses<\/title>\n<meta name=\"robots\" content=\"index, follow, max-snippet:-1, max-image-preview:large, max-video-preview:-1\" \/>\n<link rel=\"canonical\" href=\"https:\/\/seven-senses.nu\/nl\/over-ons\/\" \/>\n<meta property=\"og:locale\" content=\"nl_NL\" \/>\n<meta property=\"og:type\" content=\"article\" \/>\n<meta property=\"og:title\" content=\"About us - SevenSenses\" \/>\n<meta property=\"og:description\" content=\"At SevenSenses we aim to empower people worldwide to tackle community issues with the crowd, using local manpower, talents and opportunities. We apply&nbsp;Participatory Action Research for all kinds of community issues. In addition, we train people all over the world in&nbsp;Participatory Action Research, and we give lectures and public talks. How did SevenSenses arise? Since [&hellip;]\" \/>\n<meta property=\"og:url\" content=\"https:\/\/seven-senses.nu\/nl\/over-ons\/\" \/>\n<meta property=\"og:site_name\" content=\"SevenSenses\" \/>\n<meta property=\"article:modified_time\" content=\"2025-06-26T15:35:39+00:00\" \/>\n<meta property=\"og:image\" content=\"https:\/\/seven-senses.nu\/wp-content\/uploads\/Focus-groups-using-world-cafe-and-appreciative-inquiry-methods-2-1.png\" \/>\n\t<meta property=\"og:image:width\" content=\"1223\" \/>\n\t<meta property=\"og:image:height\" content=\"604\" \/>\n\t<meta property=\"og:image:type\" content=\"image\/png\" \/>\n<meta name=\"twitter:card\" content=\"summary_large_image\" \/>\n<meta name=\"twitter:label1\" content=\"Geschatte leestijd\" \/>\n\t<meta name=\"twitter:data1\" content=\"3 minuten\" \/>\n<script type=\"application\/ld+json\" class=\"yoast-schema-graph\">{\"@context\":\"https:\\\/\\\/schema.org\",\"@graph\":[{\"@type\":\"WebPage\",\"@id\":\"https:\\\/\\\/seven-senses.nu\\\/about-us\\\/\",\"url\":\"https:\\\/\\\/seven-senses.nu\\\/about-us\\\/\",\"name\":\"About us - SevenSenses\",\"isPartOf\":{\"@id\":\"https:\\\/\\\/seven-senses.nu\\\/#website\"},\"primaryImageOfPage\":{\"@id\":\"https:\\\/\\\/seven-senses.nu\\\/about-us\\\/#primaryimage\"},\"image\":{\"@id\":\"https:\\\/\\\/seven-senses.nu\\\/about-us\\\/#primaryimage\"},\"thumbnailUrl\":\"https:\\\/\\\/seven-senses.nu\\\/wp-content\\\/uploads\\\/Focus-groups-using-world-cafe-and-appreciative-inquiry-methods-2-1.png\",\"datePublished\":\"2021-01-12T14:10:10+00:00\",\"dateModified\":\"2025-06-26T15:35:39+00:00\",\"breadcrumb\":{\"@id\":\"https:\\\/\\\/seven-senses.nu\\\/about-us\\\/#breadcrumb\"},\"inLanguage\":\"nl-NL\",\"potentialAction\":[{\"@type\":\"ReadAction\",\"target\":[\"https:\\\/\\\/seven-senses.nu\\\/about-us\\\/\"]}]},{\"@type\":\"ImageObject\",\"inLanguage\":\"nl-NL\",\"@id\":\"https:\\\/\\\/seven-senses.nu\\\/about-us\\\/#primaryimage\",\"url\":\"https:\\\/\\\/seven-senses.nu\\\/wp-content\\\/uploads\\\/Focus-groups-using-world-cafe-and-appreciative-inquiry-methods-2-1.png\",\"contentUrl\":\"https:\\\/\\\/seven-senses.nu\\\/wp-content\\\/uploads\\\/Focus-groups-using-world-cafe-and-appreciative-inquiry-methods-2-1.png\",\"width\":1223,\"height\":604,\"caption\":\"Focus groups using world cafe and appreciative inquiry methods, Healthy Cooking Challenge, Uganda 2015\"},{\"@type\":\"BreadcrumbList\",\"@id\":\"https:\\\/\\\/seven-senses.nu\\\/about-us\\\/#breadcrumb\",\"itemListElement\":[{\"@type\":\"ListItem\",\"position\":1,\"name\":\"Home\",\"item\":\"https:\\\/\\\/seven-senses.nu\\\/\"},{\"@type\":\"ListItem\",\"position\":2,\"name\":\"About us\"}]},{\"@type\":\"WebSite\",\"@id\":\"https:\\\/\\\/seven-senses.nu\\\/#website\",\"url\":\"https:\\\/\\\/seven-senses.nu\\\/\",\"name\":\"SevenSenses\",\"description\":\"Tackling complex challenges together\",\"publisher\":{\"@id\":\"https:\\\/\\\/seven-senses.nu\\\/#organization\"},\"potentialAction\":[{\"@type\":\"SearchAction\",\"target\":{\"@type\":\"EntryPoint\",\"urlTemplate\":\"https:\\\/\\\/seven-senses.nu\\\/?s={search_term_string}\"},\"query-input\":{\"@type\":\"PropertyValueSpecification\",\"valueRequired\":true,\"valueName\":\"search_term_string\"}}],\"inLanguage\":\"nl-NL\"},{\"@type\":\"Organization\",\"@id\":\"https:\\\/\\\/seven-senses.nu\\\/#organization\",\"name\":\"SevenSenses\",\"url\":\"https:\\\/\\\/seven-senses.nu\\\/\",\"logo\":{\"@type\":\"ImageObject\",\"inLanguage\":\"nl-NL\",\"@id\":\"https:\\\/\\\/seven-senses.nu\\\/#\\\/schema\\\/logo\\\/image\\\/\",\"url\":\"https:\\\/\\\/seven-senses.nu\\\/wp-content\\\/uploads\\\/logo.png\",\"contentUrl\":\"https:\\\/\\\/seven-senses.nu\\\/wp-content\\\/uploads\\\/logo.png\",\"width\":700,\"height\":202,\"caption\":\"SevenSenses\"},\"image\":{\"@id\":\"https:\\\/\\\/seven-senses.nu\\\/#\\\/schema\\\/logo\\\/image\\\/\"}}]}<\/script>\n<!-- \/ Yoast SEO plugin. -->","yoast_head_json":{"title":"About us - SevenSenses","robots":{"index":"index","follow":"follow","max-snippet":"max-snippet:-1","max-image-preview":"max-image-preview:large","max-video-preview":"max-video-preview:-1"},"canonical":"https:\/\/seven-senses.nu\/nl\/over-ons\/","og_locale":"nl_NL","og_type":"article","og_title":"About us - SevenSenses","og_description":"At SevenSenses we aim to empower people worldwide to tackle community issues with the crowd, using local manpower, talents and opportunities. We apply&nbsp;Participatory Action Research for all kinds of community issues. In addition, we train people all over the world in&nbsp;Participatory Action Research, and we give lectures and public talks. How did SevenSenses arise? Since [&hellip;]","og_url":"https:\/\/seven-senses.nu\/nl\/over-ons\/","og_site_name":"SevenSenses","article_modified_time":"2025-06-26T15:35:39+00:00","og_image":[{"width":1223,"height":604,"url":"https:\/\/seven-senses.nu\/wp-content\/uploads\/Focus-groups-using-world-cafe-and-appreciative-inquiry-methods-2-1.png","type":"image\/png"}],"twitter_card":"summary_large_image","twitter_misc":{"Geschatte leestijd":"3 minuten"},"schema":{"@context":"https:\/\/schema.org","@graph":[{"@type":"WebPage","@id":"https:\/\/seven-senses.nu\/about-us\/","url":"https:\/\/seven-senses.nu\/about-us\/","name":"About us - SevenSenses","isPartOf":{"@id":"https:\/\/seven-senses.nu\/#website"},"primaryImageOfPage":{"@id":"https:\/\/seven-senses.nu\/about-us\/#primaryimage"},"image":{"@id":"https:\/\/seven-senses.nu\/about-us\/#primaryimage"},"thumbnailUrl":"https:\/\/seven-senses.nu\/wp-content\/uploads\/Focus-groups-using-world-cafe-and-appreciative-inquiry-methods-2-1.png","datePublished":"2021-01-12T14:10:10+00:00","dateModified":"2025-06-26T15:35:39+00:00","breadcrumb":{"@id":"https:\/\/seven-senses.nu\/about-us\/#breadcrumb"},"inLanguage":"nl-NL","potentialAction":[{"@type":"ReadAction","target":["https:\/\/seven-senses.nu\/about-us\/"]}]},{"@type":"ImageObject","inLanguage":"nl-NL","@id":"https:\/\/seven-senses.nu\/about-us\/#primaryimage","url":"https:\/\/seven-senses.nu\/wp-content\/uploads\/Focus-groups-using-world-cafe-and-appreciative-inquiry-methods-2-1.png","contentUrl":"https:\/\/seven-senses.nu\/wp-content\/uploads\/Focus-groups-using-world-cafe-and-appreciative-inquiry-methods-2-1.png","width":1223,"height":604,"caption":"Focus groups using world cafe and appreciative inquiry methods, Healthy Cooking Challenge, Uganda 2015"},{"@type":"BreadcrumbList","@id":"https:\/\/seven-senses.nu\/about-us\/#breadcrumb","itemListElement":[{"@type":"ListItem","position":1,"name":"Home","item":"https:\/\/seven-senses.nu\/"},{"@type":"ListItem","position":2,"name":"About us"}]},{"@type":"WebSite","@id":"https:\/\/seven-senses.nu\/#website","url":"https:\/\/seven-senses.nu\/","name":"SevenSenses","description":"Tackling complex challenges together","publisher":{"@id":"https:\/\/seven-senses.nu\/#organization"},"potentialAction":[{"@type":"SearchAction","target":{"@type":"EntryPoint","urlTemplate":"https:\/\/seven-senses.nu\/?s={search_term_string}"},"query-input":{"@type":"PropertyValueSpecification","valueRequired":true,"valueName":"search_term_string"}}],"inLanguage":"nl-NL"},{"@type":"Organization","@id":"https:\/\/seven-senses.nu\/#organization","name":"SevenSenses","url":"https:\/\/seven-senses.nu\/","logo":{"@type":"ImageObject","inLanguage":"nl-NL","@id":"https:\/\/seven-senses.nu\/#\/schema\/logo\/image\/","url":"https:\/\/seven-senses.nu\/wp-content\/uploads\/logo.png","contentUrl":"https:\/\/seven-senses.nu\/wp-content\/uploads\/logo.png","width":700,"height":202,"caption":"SevenSenses"},"image":{"@id":"https:\/\/seven-senses.nu\/#\/schema\/logo\/image\/"}}]}},"_links":{"self":[{"href":"https:\/\/seven-senses.nu\/nl\/wp-json\/wp\/v2\/pages\/15079","targetHints":{"allow":["GET"]}}],"collection":[{"href":"https:\/\/seven-senses.nu\/nl\/wp-json\/wp\/v2\/pages"}],"about":[{"href":"https:\/\/seven-senses.nu\/nl\/wp-json\/wp\/v2\/types\/page"}],"author":[{"embeddable":true,"href":"https:\/\/seven-senses.nu\/nl\/wp-json\/wp\/v2\/users\/1"}],"replies":[{"embeddable":true,"href":"https:\/\/seven-senses.nu\/nl\/wp-json\/wp\/v2\/comments?post=15079"}],"version-history":[{"count":3,"href":"https:\/\/seven-senses.nu\/nl\/wp-json\/wp\/v2\/pages\/15079\/revisions"}],"predecessor-version":[{"id":15349,"href":"https:\/\/seven-senses.nu\/nl\/wp-json\/wp\/v2\/pages\/15079\/revisions\/15349"}],"wp:featuredmedia":[{"embeddable":true,"href":"https:\/\/seven-senses.nu\/nl\/wp-json\/wp\/v2\/media\/10137"}],"wp:attachment":[{"href":"https:\/\/seven-senses.nu\/nl\/wp-json\/wp\/v2\/media?parent=15079"}],"curies":[{"name":"wp","href":"https:\/\/api.w.org\/{rel}","templated":true}]}}