{"id":16095,"date":"2026-04-01T14:22:50","date_gmt":"2026-04-01T12:22:50","guid":{"rendered":"https:\/\/seven-senses.nu\/?page_id=16095"},"modified":"2026-04-02T18:51:29","modified_gmt":"2026-04-02T16:51:29","slug":"water-management-challenge-in-guinee-bissau","status":"publish","type":"page","link":"https:\/\/seven-senses.nu\/nl\/water-management-challenge-in-guinee-bissau\/","title":{"rendered":"Water Management Challenge in Guinee-Bissau"},"content":{"rendered":"<p><strong>Klaar voor een nieuwe uitdaging?<\/strong><\/p>\n\n\n\n<p>Wil je meedoen aan een Participatief Actieonderzoek in <strong>Guinee-Bissau<\/strong>, West-Afrika?<\/p>\n\n\n\n<ul class=\"wp-block-list\">\n<li>Ben je een HBO\/WO student en wil je een <strong>bijzondere stage<\/strong>\/onderzoek doen, of ben je al afgestudeerd en wil je een echt <strong>zinvol onderzoek<\/strong> doen met de mensen om wie het gaat?<\/li>\n\n\n\n<li>Spreek je bovendien <strong>Portugees en\/of Creools<\/strong>, het Papiamento van Guinee-Bissau?<\/li>\n\n\n\n<li>Ben je beschikbaar tussen <strong>augustus en december 2026<\/strong>, om drie maanden naar Guinee-Bissau te gaan?<\/li>\n<\/ul>\n\n\n\n<p>Meld je dan aan voor de <strong>Water Management Challenge in Ponta Cabral<\/strong>, een gemeenschap van 1.000 personen in het noordwesten van Guinee-Bissau.<\/p>\n\n\n\n<div class=\"wp-block-columns is-layout-flex wp-container-core-columns-is-layout-28f84493 wp-block-columns-is-layout-flex\">\n<div class=\"wp-block-column is-layout-flow wp-block-column-is-layout-flow\">\n<p>De gemeenschap van Ponta Cabral staat bekend om haar uitgekiende manier van rijstteelt. Door sociaal-organisatorische reden en door klimaatinvloeden staat deze levenswijze onder druk. De uitdaging is om <strong>samen met de bewoners<\/strong> van Ponta Cabral een actieplan te maken voor het <strong>verbeteren van het waterbeheer<\/strong> en de organisatie daar omheen, om bij te dragen aan het <strong>welbevinden van de gemeenschap<\/strong>.<\/p>\n\n\n\n<p>Met een multidisciplinair team van 8 personen ga je aan de slag. Dit team bestaat uit vier Nederlandse deelnemers en 4 Guin\u00e9se deelnemers. Dit doen we in samenwerking met een lokale universiteit, een NGO (OGD) en de Katholieke Missie.<\/p>\n<\/div>\n\n\n\n<div class=\"wp-block-column is-layout-flow wp-block-column-is-layout-flow\">\n<figure class=\"wp-block-image size-large\"><img fetchpriority=\"high\" decoding=\"async\" width=\"1024\" height=\"768\" src=\"https:\/\/seven-senses.nu\/wp-content\/uploads\/Water-Management-Challenge-in-Guinee-Bissau-1024x768.jpeg\" alt=\"\" class=\"wp-image-16097\" srcset=\"https:\/\/seven-senses.nu\/wp-content\/uploads\/Water-Management-Challenge-in-Guinee-Bissau-1024x768.jpeg 1024w, https:\/\/seven-senses.nu\/wp-content\/uploads\/Water-Management-Challenge-in-Guinee-Bissau-300x225.jpeg 300w, https:\/\/seven-senses.nu\/wp-content\/uploads\/Water-Management-Challenge-in-Guinee-Bissau-768x576.jpeg 768w, https:\/\/seven-senses.nu\/wp-content\/uploads\/Water-Management-Challenge-in-Guinee-Bissau-1536x1152.jpeg 1536w, https:\/\/seven-senses.nu\/wp-content\/uploads\/Water-Management-Challenge-in-Guinee-Bissau-16x12.jpeg 16w, https:\/\/seven-senses.nu\/wp-content\/uploads\/Water-Management-Challenge-in-Guinee-Bissau.jpeg 2000w\" sizes=\"(max-width: 1024px) 100vw, 1024px\" \/><\/figure>\n<\/div>\n<\/div>\n\n\n\n<p>Gezien de aard van het onderzoek zoeken we een <strong>mix van sociaal en techniek<\/strong>: van sociologie tot landbouw en weg- en waterbouw.<\/p>\n\n\n\n<p>In Nederland en Guinee-Bissau krijg je een basistraining in Participatief Actieonderzoek door SevenSenses, ter plekke word je begeleid door ervaren Nederlandse en Guin\u00e9se co\u00f6rdinatoren van OGD, de Guin\u00e9se NGO.<\/p>\n\n\n\n<p>Voor het verblijf in Guinee-Bissau zijn vervoer (lokaal en vliegtuig), logies werkplek en de maaltijden inbegrepen. We vragen wel een eigen bijdrage voor de dekking van de kosten.<\/p>\n\n\n\n<p>Meer weten? Neem contact op met Luit Hummel via <a href=\"mailto:winjaba@kpnmail.nl\">winjaba@kpnmail.nl<\/a>.<\/p>\n\n\n\n<p><\/p>\n\n\n\n<h4 class=\"wp-block-heading\">SevenSenses Challenges<\/h4>\n\n\n\n<p>De SevenSenses Challenge is een 12 weken durend Participatief Actieonderzoek- onderwijsprogramma voor studenten, post-graduates en professionals die PAO in het veld willen ervaren en tegelijkertijd willen werken aan hun eigen persoonlijke en professionele ontwikkeling. <a href=\"https:\/\/seven-senses.nu\/nl\/wat-we-doen\/what-is-a-7senses-challenge\/\" type=\"link\" id=\"https:\/\/seven-senses.nu\/nl\/wat-we-doen\/what-is-a-7senses-challenge\/\">Lees meer over het SevenSenses Challenge programma<\/a>. <\/p>","protected":false},"excerpt":{"rendered":"<p>Klaar voor een nieuwe uitdaging? Wil je meedoen aan een Participatief Actieonderzoek in Guinee-Bissau, West-Afrika? Meld je dan aan voor de Water Management Challenge in Ponta Cabral, een gemeenschap van 1.000 personen in het noordwesten van Guinee-Bissau. De gemeenschap van Ponta Cabral staat bekend om haar uitgekiende manier van rijstteelt. Door sociaal-organisatorische reden en door [&hellip;]<\/p>\n","protected":false},"author":13,"featured_media":16096,"parent":0,"menu_order":0,"comment_status":"closed","ping_status":"closed","template":"","meta":{"inline_featured_image":false,"footnotes":""},"class_list":["post-16095","page","type-page","status-publish","has-post-thumbnail","hentry"],"yoast_head":"<!-- This site is optimized with the Yoast SEO plugin v27.3 - https:\/\/yoast.com\/product\/yoast-seo-wordpress\/ -->\n<title>Water Management Challenge in Guinee-Bissau - SevenSenses<\/title>\n<meta name=\"robots\" content=\"index, follow, max-snippet:-1, max-image-preview:large, max-video-preview:-1\" \/>\n<link rel=\"canonical\" href=\"https:\/\/seven-senses.nu\/nl\/water-management-challenge-in-guinee-bissau\/\" \/>\n<meta property=\"og:locale\" content=\"nl_NL\" \/>\n<meta property=\"og:type\" content=\"article\" \/>\n<meta property=\"og:title\" content=\"Water Management Challenge in Guinee-Bissau - SevenSenses\" \/>\n<meta property=\"og:description\" content=\"Klaar voor een nieuwe uitdaging? Wil je meedoen aan een Participatief Actieonderzoek in Guinee-Bissau, West-Afrika? Meld je dan aan voor de Water Management Challenge in Ponta Cabral, een gemeenschap van 1.000 personen in het noordwesten van Guinee-Bissau. De gemeenschap van Ponta Cabral staat bekend om haar uitgekiende manier van rijstteelt. Door sociaal-organisatorische reden en door [&hellip;]\" \/>\n<meta property=\"og:url\" content=\"https:\/\/seven-senses.nu\/nl\/water-management-challenge-in-guinee-bissau\/\" \/>\n<meta property=\"og:site_name\" content=\"SevenSenses\" \/>\n<meta property=\"article:modified_time\" content=\"2026-04-02T16:51:29+00:00\" \/>\n<meta property=\"og:image\" content=\"https:\/\/seven-senses.nu\/wp-content\/uploads\/Water-Management-Challenge-Guinee-Bissau.jpeg\" \/>\n\t<meta property=\"og:image:width\" content=\"2000\" \/>\n\t<meta property=\"og:image:height\" content=\"1500\" \/>\n\t<meta property=\"og:image:type\" content=\"image\/jpeg\" \/>\n<meta name=\"twitter:card\" content=\"summary_large_image\" \/>\n<meta name=\"twitter:label1\" content=\"Geschatte leestijd\" \/>\n\t<meta name=\"twitter:data1\" content=\"2 minuten\" \/>\n<script type=\"application\/ld+json\" class=\"yoast-schema-graph\">{\"@context\":\"https:\\\/\\\/schema.org\",\"@graph\":[{\"@type\":\"WebPage\",\"@id\":\"https:\\\/\\\/seven-senses.nu\\\/water-management-challenge-in-guinee-bissau\\\/\",\"url\":\"https:\\\/\\\/seven-senses.nu\\\/water-management-challenge-in-guinee-bissau\\\/\",\"name\":\"Water Management Challenge in Guinee-Bissau - SevenSenses\",\"isPartOf\":{\"@id\":\"https:\\\/\\\/seven-senses.nu\\\/#website\"},\"primaryImageOfPage\":{\"@id\":\"https:\\\/\\\/seven-senses.nu\\\/water-management-challenge-in-guinee-bissau\\\/#primaryimage\"},\"image\":{\"@id\":\"https:\\\/\\\/seven-senses.nu\\\/water-management-challenge-in-guinee-bissau\\\/#primaryimage\"},\"thumbnailUrl\":\"https:\\\/\\\/seven-senses.nu\\\/wp-content\\\/uploads\\\/Water-Management-Challenge-Guinee-Bissau.jpeg\",\"datePublished\":\"2026-04-01T12:22:50+00:00\",\"dateModified\":\"2026-04-02T16:51:29+00:00\",\"breadcrumb\":{\"@id\":\"https:\\\/\\\/seven-senses.nu\\\/water-management-challenge-in-guinee-bissau\\\/#breadcrumb\"},\"inLanguage\":\"nl-NL\",\"potentialAction\":[{\"@type\":\"ReadAction\",\"target\":[\"https:\\\/\\\/seven-senses.nu\\\/water-management-challenge-in-guinee-bissau\\\/\"]}]},{\"@type\":\"ImageObject\",\"inLanguage\":\"nl-NL\",\"@id\":\"https:\\\/\\\/seven-senses.nu\\\/water-management-challenge-in-guinee-bissau\\\/#primaryimage\",\"url\":\"https:\\\/\\\/seven-senses.nu\\\/wp-content\\\/uploads\\\/Water-Management-Challenge-Guinee-Bissau.jpeg\",\"contentUrl\":\"https:\\\/\\\/seven-senses.nu\\\/wp-content\\\/uploads\\\/Water-Management-Challenge-Guinee-Bissau.jpeg\",\"width\":2000,\"height\":1500},{\"@type\":\"BreadcrumbList\",\"@id\":\"https:\\\/\\\/seven-senses.nu\\\/water-management-challenge-in-guinee-bissau\\\/#breadcrumb\",\"itemListElement\":[{\"@type\":\"ListItem\",\"position\":1,\"name\":\"Home\",\"item\":\"https:\\\/\\\/seven-senses.nu\\\/\"},{\"@type\":\"ListItem\",\"position\":2,\"name\":\"Water Management Challenge in Guinee-Bissau\"}]},{\"@type\":\"WebSite\",\"@id\":\"https:\\\/\\\/seven-senses.nu\\\/#website\",\"url\":\"https:\\\/\\\/seven-senses.nu\\\/\",\"name\":\"SevenSenses\",\"description\":\"Tackling complex challenges together\",\"publisher\":{\"@id\":\"https:\\\/\\\/seven-senses.nu\\\/#organization\"},\"potentialAction\":[{\"@type\":\"SearchAction\",\"target\":{\"@type\":\"EntryPoint\",\"urlTemplate\":\"https:\\\/\\\/seven-senses.nu\\\/?s={search_term_string}\"},\"query-input\":{\"@type\":\"PropertyValueSpecification\",\"valueRequired\":true,\"valueName\":\"search_term_string\"}}],\"inLanguage\":\"nl-NL\"},{\"@type\":\"Organization\",\"@id\":\"https:\\\/\\\/seven-senses.nu\\\/#organization\",\"name\":\"SevenSenses\",\"url\":\"https:\\\/\\\/seven-senses.nu\\\/\",\"logo\":{\"@type\":\"ImageObject\",\"inLanguage\":\"nl-NL\",\"@id\":\"https:\\\/\\\/seven-senses.nu\\\/#\\\/schema\\\/logo\\\/image\\\/\",\"url\":\"https:\\\/\\\/seven-senses.nu\\\/wp-content\\\/uploads\\\/logo.png\",\"contentUrl\":\"https:\\\/\\\/seven-senses.nu\\\/wp-content\\\/uploads\\\/logo.png\",\"width\":700,\"height\":202,\"caption\":\"SevenSenses\"},\"image\":{\"@id\":\"https:\\\/\\\/seven-senses.nu\\\/#\\\/schema\\\/logo\\\/image\\\/\"}}]}<\/script>\n<!-- \/ Yoast SEO plugin. -->","yoast_head_json":{"title":"Water Management Challenge in Guinee-Bissau - SevenSenses","robots":{"index":"index","follow":"follow","max-snippet":"max-snippet:-1","max-image-preview":"max-image-preview:large","max-video-preview":"max-video-preview:-1"},"canonical":"https:\/\/seven-senses.nu\/nl\/water-management-challenge-in-guinee-bissau\/","og_locale":"nl_NL","og_type":"article","og_title":"Water Management Challenge in Guinee-Bissau - SevenSenses","og_description":"Klaar voor een nieuwe uitdaging? Wil je meedoen aan een Participatief Actieonderzoek in Guinee-Bissau, West-Afrika? Meld je dan aan voor de Water Management Challenge in Ponta Cabral, een gemeenschap van 1.000 personen in het noordwesten van Guinee-Bissau. De gemeenschap van Ponta Cabral staat bekend om haar uitgekiende manier van rijstteelt. Door sociaal-organisatorische reden en door [&hellip;]","og_url":"https:\/\/seven-senses.nu\/nl\/water-management-challenge-in-guinee-bissau\/","og_site_name":"SevenSenses","article_modified_time":"2026-04-02T16:51:29+00:00","og_image":[{"width":2000,"height":1500,"url":"https:\/\/seven-senses.nu\/wp-content\/uploads\/Water-Management-Challenge-Guinee-Bissau.jpeg","type":"image\/jpeg"}],"twitter_card":"summary_large_image","twitter_misc":{"Geschatte leestijd":"2 minuten"},"schema":{"@context":"https:\/\/schema.org","@graph":[{"@type":"WebPage","@id":"https:\/\/seven-senses.nu\/water-management-challenge-in-guinee-bissau\/","url":"https:\/\/seven-senses.nu\/water-management-challenge-in-guinee-bissau\/","name":"Water Management Challenge in Guinee-Bissau - SevenSenses","isPartOf":{"@id":"https:\/\/seven-senses.nu\/#website"},"primaryImageOfPage":{"@id":"https:\/\/seven-senses.nu\/water-management-challenge-in-guinee-bissau\/#primaryimage"},"image":{"@id":"https:\/\/seven-senses.nu\/water-management-challenge-in-guinee-bissau\/#primaryimage"},"thumbnailUrl":"https:\/\/seven-senses.nu\/wp-content\/uploads\/Water-Management-Challenge-Guinee-Bissau.jpeg","datePublished":"2026-04-01T12:22:50+00:00","dateModified":"2026-04-02T16:51:29+00:00","breadcrumb":{"@id":"https:\/\/seven-senses.nu\/water-management-challenge-in-guinee-bissau\/#breadcrumb"},"inLanguage":"nl-NL","potentialAction":[{"@type":"ReadAction","target":["https:\/\/seven-senses.nu\/water-management-challenge-in-guinee-bissau\/"]}]},{"@type":"ImageObject","inLanguage":"nl-NL","@id":"https:\/\/seven-senses.nu\/water-management-challenge-in-guinee-bissau\/#primaryimage","url":"https:\/\/seven-senses.nu\/wp-content\/uploads\/Water-Management-Challenge-Guinee-Bissau.jpeg","contentUrl":"https:\/\/seven-senses.nu\/wp-content\/uploads\/Water-Management-Challenge-Guinee-Bissau.jpeg","width":2000,"height":1500},{"@type":"BreadcrumbList","@id":"https:\/\/seven-senses.nu\/water-management-challenge-in-guinee-bissau\/#breadcrumb","itemListElement":[{"@type":"ListItem","position":1,"name":"Home","item":"https:\/\/seven-senses.nu\/"},{"@type":"ListItem","position":2,"name":"Water Management Challenge in Guinee-Bissau"}]},{"@type":"WebSite","@id":"https:\/\/seven-senses.nu\/#website","url":"https:\/\/seven-senses.nu\/","name":"SevenSenses","description":"Tackling complex challenges together","publisher":{"@id":"https:\/\/seven-senses.nu\/#organization"},"potentialAction":[{"@type":"SearchAction","target":{"@type":"EntryPoint","urlTemplate":"https:\/\/seven-senses.nu\/?s={search_term_string}"},"query-input":{"@type":"PropertyValueSpecification","valueRequired":true,"valueName":"search_term_string"}}],"inLanguage":"nl-NL"},{"@type":"Organization","@id":"https:\/\/seven-senses.nu\/#organization","name":"SevenSenses","url":"https:\/\/seven-senses.nu\/","logo":{"@type":"ImageObject","inLanguage":"nl-NL","@id":"https:\/\/seven-senses.nu\/#\/schema\/logo\/image\/","url":"https:\/\/seven-senses.nu\/wp-content\/uploads\/logo.png","contentUrl":"https:\/\/seven-senses.nu\/wp-content\/uploads\/logo.png","width":700,"height":202,"caption":"SevenSenses"},"image":{"@id":"https:\/\/seven-senses.nu\/#\/schema\/logo\/image\/"}}]}},"_links":{"self":[{"href":"https:\/\/seven-senses.nu\/nl\/wp-json\/wp\/v2\/pages\/16095","targetHints":{"allow":["GET"]}}],"collection":[{"href":"https:\/\/seven-senses.nu\/nl\/wp-json\/wp\/v2\/pages"}],"about":[{"href":"https:\/\/seven-senses.nu\/nl\/wp-json\/wp\/v2\/types\/page"}],"author":[{"embeddable":true,"href":"https:\/\/seven-senses.nu\/nl\/wp-json\/wp\/v2\/users\/13"}],"replies":[{"embeddable":true,"href":"https:\/\/seven-senses.nu\/nl\/wp-json\/wp\/v2\/comments?post=16095"}],"version-history":[{"count":8,"href":"https:\/\/seven-senses.nu\/nl\/wp-json\/wp\/v2\/pages\/16095\/revisions"}],"predecessor-version":[{"id":16107,"href":"https:\/\/seven-senses.nu\/nl\/wp-json\/wp\/v2\/pages\/16095\/revisions\/16107"}],"wp:featuredmedia":[{"embeddable":true,"href":"https:\/\/seven-senses.nu\/nl\/wp-json\/wp\/v2\/media\/16096"}],"wp:attachment":[{"href":"https:\/\/seven-senses.nu\/nl\/wp-json\/wp\/v2\/media?parent=16095"}],"curies":[{"name":"wp","href":"https:\/\/api.w.org\/{rel}","templated":true}]}}